{"id":2846,"date":"2024-06-10T07:13:17","date_gmt":"2024-06-10T07:13:17","guid":{"rendered":"https:\/\/vantro-mobileworkspaces.demo-wide.be\/branches\/"},"modified":"2025-12-08T20:30:39","modified_gmt":"2025-12-08T20:30:39","slug":"branches","status":"publish","type":"page","link":"https:\/\/vantro-mobileworkspaces.demo-wide.be\/fr\/branches\/","title":{"rendered":"Branches"},"content":{"rendered":"\t\t<div data-elementor-type=\"wp-page\" data-elementor-id=\"2846\" class=\"elementor elementor-2846 elementor-613\" data-elementor-post-type=\"page\">\n\t\t\t\t\t\t<section class=\"elementor-section elementor-top-section elementor-element elementor-element-b4c97cc elementor-section-boxed elementor-section-height-default elementor-section-height-default\" data-id=\"b4c97cc\" data-element_type=\"section\" data-settings=\"{&quot;background_background&quot;:&quot;classic&quot;}\">\n\t\t\t\t\t\t\t<div class=\"elementor-background-overlay\"><\/div>\n\t\t\t\t\t\t\t<div class=\"elementor-container elementor-column-gap-default\">\n\t\t\t\t\t<div class=\"elementor-column elementor-col-100 elementor-top-column elementor-element elementor-element-0f404d2\" data-id=\"0f404d2\" data-element_type=\"column\">\n\t\t\t<div class=\"elementor-widget-wrap elementor-element-populated\">\n\t\t\t\t\t\t<div class=\"elementor-element elementor-element-70d1239 elementor-icon-list--layout-inline elementor-align-center elementor-widget__width-auto elementor-list-item-link-full_width elementor-invisible elementor-widget elementor-widget-icon-list\" data-id=\"70d1239\" data-element_type=\"widget\" data-settings=\"{&quot;_animation&quot;:&quot;fadeInUp&quot;,&quot;_animation_delay&quot;:720}\" data-widget_type=\"icon-list.default\">\n\t\t\t\t<div class=\"elementor-widget-container\">\n\t\t\t\t\t<ul class=\"elementor-icon-list-items elementor-inline-items\">\n\t\t\t\t\t\t\t<li class=\"elementor-icon-list-item elementor-inline-item\">\n\t\t\t\t\t\t\t\t\t\t\t<a href=\"https:\/\/vantro-mobileworkspaces.demo-wide.be\/fr\/\">\n\n\t\t\t\t\t\t\t\t\t\t\t<span class=\"elementor-icon-list-text\">Accueil<\/span>\n\t\t\t\t\t\t\t\t\t\t\t<\/a>\n\t\t\t\t\t\t\t\t\t<\/li>\n\t\t\t\t\t\t\t\t<li class=\"elementor-icon-list-item elementor-inline-item\">\n\t\t\t\t\t\t\t\t\t\t\t<span class=\"elementor-icon-list-icon\">\n\t\t\t\t\t\t\t<i aria-hidden=\"true\" class=\"lnr lnr-chevron-right\"><\/i>\t\t\t\t\t\t<\/span>\n\t\t\t\t\t\t\t\t\t\t<span class=\"elementor-icon-list-text\">Branches<\/span>\n\t\t\t\t\t\t\t\t\t<\/li>\n\t\t\t\t\t\t<\/ul>\n\t\t\t\t<\/div>\n\t\t\t\t<\/div>\n\t\t\t\t<div class=\"elementor-element elementor-element-6697823 elementor-invisible elementor-widget elementor-widget-heading\" data-id=\"6697823\" data-element_type=\"widget\" data-settings=\"{&quot;_animation&quot;:&quot;fadeIn&quot;}\" data-widget_type=\"heading.default\">\n\t\t\t\t<div class=\"elementor-widget-container\">\n\t\t\t<h1 class=\"elementor-heading-title elementor-size-default\">D\u00e9couvrez nos agences<\/h1>\t\t<\/div>\n\t\t\t\t<\/div>\n\t\t\t\t\t<\/div>\n\t\t<\/div>\n\t\t\t\t\t<\/div>\n\t\t<\/section>\n\t\t<div class=\"elementor-element elementor-element-f39f3df e-con-full e-flex e-con e-parent\" data-id=\"f39f3df\" data-element_type=\"container\" data-settings=\"{&quot;background_background&quot;:&quot;classic&quot;}\">\n\t\t<div class=\"elementor-element elementor-element-26a8346 e-con-full e-flex e-con e-child\" data-id=\"26a8346\" data-element_type=\"container\" data-settings=\"{&quot;background_background&quot;:&quot;classic&quot;}\">\n\t\t<div class=\"elementor-element elementor-element-615e736 e-con-full e-flex e-con e-child\" data-id=\"615e736\" data-element_type=\"container\" data-settings=\"{&quot;background_background&quot;:&quot;classic&quot;}\">\n\t\t\t\t<div class=\"elementor-element elementor-element-41ed8c0 elementor-widget__width-inherit elementor-widget elementor-widget-google_maps\" data-id=\"41ed8c0\" data-element_type=\"widget\" data-settings=\"{&quot;motion_fx_motion_fx_scrolling&quot;:&quot;yes&quot;,&quot;motion_fx_devices&quot;:[&quot;desktop&quot;,&quot;tablet&quot;,&quot;mobile&quot;]}\" data-widget_type=\"google_maps.default\">\n\t\t\t\t<div class=\"elementor-widget-container\">\n\t\t\t\t\t<div class=\"elementor-custom-embed\">\n\t\t\t<iframe loading=\"lazy\"\n\t\t\t\t\tsrc=\"https:\/\/maps.google.com\/maps?q=Ellestraat%2083%3B%208550%20Zwevegem.M%26M%20Cars&#038;t=m&#038;z=14&#038;output=embed&#038;iwloc=near\"\n\t\t\t\t\ttitle=\"Ellestraat 83; 8550 Zwevegem.M&amp;M Cars\"\n\t\t\t\t\taria-label=\"Ellestraat 83; 8550 Zwevegem.M&amp;M Cars\"\n\t\t\t><\/iframe>\n\t\t<\/div>\n\t\t\t\t<\/div>\n\t\t\t\t<\/div>\n\t\t\t\t<\/div>\n\t\t\t\t<\/div>\n\t\t<div class=\"elementor-element elementor-element-991d2d7 e-con-full e-flex e-con e-child\" data-id=\"991d2d7\" data-element_type=\"container\">\n\t\t<div class=\"elementor-element elementor-element-eb988a6 e-con-full e-flex e-con e-child\" data-id=\"eb988a6\" data-element_type=\"container\" data-settings=\"{&quot;background_background&quot;:&quot;classic&quot;}\">\n\t\t\t\t<div class=\"elementor-element elementor-element-da6e915 elementor-align-left elementor-widget elementor-widget-button\" data-id=\"da6e915\" data-element_type=\"widget\" data-widget_type=\"button.default\">\n\t\t\t\t<div class=\"elementor-widget-container\">\n\t\t\t\t\t<div class=\"elementor-button-wrapper\">\n\t\t\t<a class=\"elementor-button elementor-size-sm\" role=\"button\">\n\t\t\t\t\t\t<span class=\"elementor-button-content-wrapper\">\n\t\t\t\t\t\t\t\t\t<span class=\"elementor-button-text\">Belgique<\/span>\n\t\t\t\t\t<\/span>\n\t\t\t\t\t<\/a>\n\t\t<\/div>\n\t\t\t\t<\/div>\n\t\t\t\t<\/div>\n\t\t\t\t<div class=\"elementor-element elementor-element-b7c8a70 elementor-widget elementor-widget-heading\" data-id=\"b7c8a70\" data-element_type=\"widget\" data-widget_type=\"heading.default\">\n\t\t\t\t<div class=\"elementor-widget-container\">\n\t\t\t<h3 class=\"elementor-heading-title elementor-size-default\">Zwevegem<\/h3>\t\t<\/div>\n\t\t\t\t<\/div>\n\t\t\t\t<div class=\"elementor-element elementor-element-c2a1575 elementor-widget elementor-widget-heading\" data-id=\"c2a1575\" data-element_type=\"widget\" data-widget_type=\"heading.default\">\n\t\t\t\t<div class=\"elementor-widget-container\">\n\t\t\t<p class=\"elementor-heading-title elementor-size-default\">Coordonn\u00e9es de la personne \u00e0 contacter<\/p>\t\t<\/div>\n\t\t\t\t<\/div>\n\t\t\t\t<div class=\"elementor-element elementor-element-299666b ui-e-icon-left ui-e-left elementor-align-left elementor-widget elementor-widget-uicore-icon-list\" data-id=\"299666b\" data-element_type=\"widget\" data-widget_type=\"uicore-icon-list.default\">\n\t\t\t\t<div class=\"elementor-widget-container\">\n\t\t\t        <ul>\n                            <li >\n\n                    <div class=\"ui-e-wrap\">\n                    \n                    \n                    <div class=\"ui-e-content\">\n                        <span class=\"ui-e-title\">\n                            Ellestraat 83, 8550 Zwevegem                        <\/span>\n                        <p class=\"ui-e-text\">  <\/p>\n                    <\/div>\n\n                                            <div class=\"ui-e-icon\">\n                            <i aria-hidden=\"true\" class=\"lu lu-map-pin\"><\/i>                        <\/div>\n                    \n                    <\/div>\n                <\/li>\n                            <li >\n\n                    <a class='ui-e-wrap' href=\"tel:056%2077%2012%2077\">\n                    \n                    \n                    <div class=\"ui-e-content\">\n                        <span class=\"ui-e-title\">\n                            056 77 12 77                        <\/span>\n                        <p class=\"ui-e-text\">  <\/p>\n                    <\/div>\n\n                                            <div class=\"ui-e-icon\">\n                            <i aria-hidden=\"true\" class=\"lu lu-phone\"><\/i>                        <\/div>\n                    \n                    <\/a>\n                <\/li>\n                            <li >\n\n                    <a class='ui-e-wrap' href=\"mailto:info@mmcars.be\">\n                    \n                    \n                    <div class=\"ui-e-content\">\n                        <span class=\"ui-e-title\">\n                            info@mmcars.be                        <\/span>\n                        <p class=\"ui-e-text\">  <\/p>\n                    <\/div>\n\n                                            <div class=\"ui-e-icon\">\n                            <i aria-hidden=\"true\" class=\"lu lu-mail\"><\/i>                        <\/div>\n                    \n                    <\/a>\n                <\/li>\n                    <\/ul>\n\t\t<\/div>\n\t\t\t\t<\/div>\n\t\t\t\t<div class=\"elementor-element elementor-element-b4322eb elementor-widget elementor-widget-heading\" data-id=\"b4322eb\" data-element_type=\"widget\" data-widget_type=\"heading.default\">\n\t\t\t\t<div class=\"elementor-widget-container\">\n\t\t\t<p class=\"elementor-heading-title elementor-size-default\">Heures d'ouverture<\/p>\t\t<\/div>\n\t\t\t\t<\/div>\n\t\t\t\t<div class=\"elementor-element elementor-element-46887bb elementor-widget elementor-widget-text-editor\" data-id=\"46887bb\" data-element_type=\"widget\" data-widget_type=\"text-editor.default\">\n\t\t\t\t<div class=\"elementor-widget-container\">\n\t\t\t\t\t\t\t<ul class=\"elementor-icon-list-items\"><li class=\"elementor-icon-list-item\"><span class=\"elementor-icon-list-text\">Du lundi au vendredi : 08h00 &#8211; 12h00<\/span><\/li><li class=\"elementor-icon-list-item\"><span class=\"elementor-icon-list-text\">Du lundi au vendredi : 13h00 &#8211; 18h00<\/span><\/li><\/ul>\t\t\t\t\t\t<\/div>\n\t\t\t\t<\/div>\n\t\t\t\t<div class=\"elementor-element elementor-element-3421e58 elementor-widget elementor-widget-button\" data-id=\"3421e58\" data-element_type=\"widget\" data-widget_type=\"button.default\">\n\t\t\t\t<div class=\"elementor-widget-container\">\n\t\t\t\t\t<div class=\"elementor-button-wrapper\">\n\t\t\t<a class=\"elementor-button elementor-button-link elementor-size-sm\" href=\"https:\/\/vantro-mobileworkspaces.demo-wide.be\/fr\/branches\/zwevegem\/\">\n\t\t\t\t\t\t<span class=\"elementor-button-content-wrapper\">\n\t\t\t\t\t\t<span class=\"elementor-button-icon\">\n\t\t\t\t<i aria-hidden=\"true\" class=\"ri ri-arrow-right-long-line\"><\/i>\t\t\t<\/span>\n\t\t\t\t\t\t\t\t\t<span class=\"elementor-button-text\">En savoir plus sur cet endroit<\/span>\n\t\t\t\t\t<\/span>\n\t\t\t\t\t<\/a>\n\t\t<\/div>\n\t\t\t\t<\/div>\n\t\t\t\t<\/div>\n\t\t\t\t<\/div>\n\t\t<div class=\"elementor-element elementor-element-8e0d37f e-con-full e-flex e-con e-child\" data-id=\"8e0d37f\" data-element_type=\"container\" data-settings=\"{&quot;background_background&quot;:&quot;classic&quot;}\">\n\t\t\t\t<div class=\"elementor-element elementor-element-fb38e08 elementor-align-left elementor-widget elementor-widget-button\" data-id=\"fb38e08\" data-element_type=\"widget\" data-widget_type=\"button.default\">\n\t\t\t\t<div class=\"elementor-widget-container\">\n\t\t\t\t\t<div class=\"elementor-button-wrapper\">\n\t\t\t<a class=\"elementor-button elementor-size-sm\" role=\"button\">\n\t\t\t\t\t\t<span class=\"elementor-button-content-wrapper\">\n\t\t\t\t\t\t\t\t\t<span class=\"elementor-button-text\">Belgique<\/span>\n\t\t\t\t\t<\/span>\n\t\t\t\t\t<\/a>\n\t\t<\/div>\n\t\t\t\t<\/div>\n\t\t\t\t<\/div>\n\t\t\t\t<div class=\"elementor-element elementor-element-d5a9794 elementor-widget elementor-widget-heading\" data-id=\"d5a9794\" data-element_type=\"widget\" data-widget_type=\"heading.default\">\n\t\t\t\t<div class=\"elementor-widget-container\">\n\t\t\t<h3 class=\"elementor-heading-title elementor-size-default\">Aarschot<\/h3>\t\t<\/div>\n\t\t\t\t<\/div>\n\t\t\t\t<div class=\"elementor-element elementor-element-9cbbf56 elementor-widget elementor-widget-heading\" data-id=\"9cbbf56\" data-element_type=\"widget\" data-widget_type=\"heading.default\">\n\t\t\t\t<div class=\"elementor-widget-container\">\n\t\t\t<p class=\"elementor-heading-title elementor-size-default\">Coordonn\u00e9es de la personne \u00e0 contacter<\/p>\t\t<\/div>\n\t\t\t\t<\/div>\n\t\t\t\t<div class=\"elementor-element elementor-element-9a749ba ui-e-icon-left ui-e-left elementor-align-left elementor-widget elementor-widget-uicore-icon-list\" data-id=\"9a749ba\" data-element_type=\"widget\" data-widget_type=\"uicore-icon-list.default\">\n\t\t\t\t<div class=\"elementor-widget-container\">\n\t\t\t        <ul>\n                            <li >\n\n                    <div class=\"ui-e-wrap\">\n                    \n                    \n                    <div class=\"ui-e-content\">\n                        <span class=\"ui-e-title\">\n                            Ter Heidelaan 43 3200 Aarschot                        <\/span>\n                        <p class=\"ui-e-text\">  <\/p>\n                    <\/div>\n\n                                            <div class=\"ui-e-icon\">\n                            <i aria-hidden=\"true\" class=\"lu lu-map-pin\"><\/i>                        <\/div>\n                    \n                    <\/div>\n                <\/li>\n                            <li >\n\n                    <a class='ui-e-wrap' href=\"tel:016%2022%2013%2011\">\n                    \n                    \n                    <div class=\"ui-e-content\">\n                        <span class=\"ui-e-title\">\n                            016 22 13 11                        <\/span>\n                        <p class=\"ui-e-text\">  <\/p>\n                    <\/div>\n\n                                            <div class=\"ui-e-icon\">\n                            <i aria-hidden=\"true\" class=\"lu lu-phone\"><\/i>                        <\/div>\n                    \n                    <\/a>\n                <\/li>\n                            <li >\n\n                    <a class='ui-e-wrap' href=\"mailto:info@mmcars.be\">\n                    \n                    \n                    <div class=\"ui-e-content\">\n                        <span class=\"ui-e-title\">\n                            info@mmcars.be                        <\/span>\n                        <p class=\"ui-e-text\">  <\/p>\n                    <\/div>\n\n                                            <div class=\"ui-e-icon\">\n                            <i aria-hidden=\"true\" class=\"lu lu-mail\"><\/i>                        <\/div>\n                    \n                    <\/a>\n                <\/li>\n                    <\/ul>\n\t\t<\/div>\n\t\t\t\t<\/div>\n\t\t\t\t<div class=\"elementor-element elementor-element-708d56e elementor-widget elementor-widget-heading\" data-id=\"708d56e\" data-element_type=\"widget\" data-widget_type=\"heading.default\">\n\t\t\t\t<div class=\"elementor-widget-container\">\n\t\t\t<p class=\"elementor-heading-title elementor-size-default\">Heures d'ouverture<\/p>\t\t<\/div>\n\t\t\t\t<\/div>\n\t\t\t\t<div class=\"elementor-element elementor-element-e6f6501 elementor-widget elementor-widget-text-editor\" data-id=\"e6f6501\" data-element_type=\"widget\" data-widget_type=\"text-editor.default\">\n\t\t\t\t<div class=\"elementor-widget-container\">\n\t\t\t\t\t\t\t<ul class=\"elementor-icon-list-items\"><li class=\"elementor-icon-list-item\"><span class=\"elementor-icon-list-text\">Du lundi au vendredi : 08h00 &#8211; 12h00<\/span><\/li><li class=\"elementor-icon-list-item\"><span class=\"elementor-icon-list-text\">Du lundi au vendredi: 13:00 &#8211; 17:00<\/span><\/li><\/ul>\t\t\t\t\t\t<\/div>\n\t\t\t\t<\/div>\n\t\t\t\t<div class=\"elementor-element elementor-element-d16c688 elementor-widget elementor-widget-button\" data-id=\"d16c688\" data-element_type=\"widget\" data-widget_type=\"button.default\">\n\t\t\t\t<div class=\"elementor-widget-container\">\n\t\t\t\t\t<div class=\"elementor-button-wrapper\">\n\t\t\t<a class=\"elementor-button elementor-button-link elementor-size-sm\" href=\"https:\/\/vantro-mobileworkspaces.demo-wide.be\/fr\/branches\/aarschot\/\">\n\t\t\t\t\t\t<span class=\"elementor-button-content-wrapper\">\n\t\t\t\t\t\t<span class=\"elementor-button-icon\">\n\t\t\t\t<i aria-hidden=\"true\" class=\"ri ri-arrow-right-long-line\"><\/i>\t\t\t<\/span>\n\t\t\t\t\t\t\t\t\t<span class=\"elementor-button-text\">En savoir plus sur cet endroit<\/span>\n\t\t\t\t\t<\/span>\n\t\t\t\t\t<\/a>\n\t\t<\/div>\n\t\t\t\t<\/div>\n\t\t\t\t<\/div>\n\t\t\t\t<\/div>\n\t\t<div class=\"elementor-element elementor-element-b35a709 e-con-full e-flex e-con e-child\" data-id=\"b35a709\" data-element_type=\"container\" data-settings=\"{&quot;background_background&quot;:&quot;classic&quot;}\">\n\t\t\t\t<div class=\"elementor-element elementor-element-d0bc0d6 elementor-align-left elementor-widget elementor-widget-button\" data-id=\"d0bc0d6\" data-element_type=\"widget\" data-widget_type=\"button.default\">\n\t\t\t\t<div class=\"elementor-widget-container\">\n\t\t\t\t\t<div class=\"elementor-button-wrapper\">\n\t\t\t<a class=\"elementor-button elementor-size-sm\" role=\"button\">\n\t\t\t\t\t\t<span class=\"elementor-button-content-wrapper\">\n\t\t\t\t\t\t\t\t\t<span class=\"elementor-button-text\">Belgique<\/span>\n\t\t\t\t\t<\/span>\n\t\t\t\t\t<\/a>\n\t\t<\/div>\n\t\t\t\t<\/div>\n\t\t\t\t<\/div>\n\t\t\t\t<div class=\"elementor-element elementor-element-b67647a elementor-widget elementor-widget-heading\" data-id=\"b67647a\" data-element_type=\"widget\" data-widget_type=\"heading.default\">\n\t\t\t\t<div class=\"elementor-widget-container\">\n\t\t\t<h3 class=\"elementor-heading-title elementor-size-default\">Zandhoven<\/h3>\t\t<\/div>\n\t\t\t\t<\/div>\n\t\t\t\t<div class=\"elementor-element elementor-element-74e1b42 elementor-widget elementor-widget-heading\" data-id=\"74e1b42\" data-element_type=\"widget\" data-widget_type=\"heading.default\">\n\t\t\t\t<div class=\"elementor-widget-container\">\n\t\t\t<p class=\"elementor-heading-title elementor-size-default\">Coordonn\u00e9es de la personne \u00e0 contacter<\/p>\t\t<\/div>\n\t\t\t\t<\/div>\n\t\t\t\t<div class=\"elementor-element elementor-element-c364d40 ui-e-icon-left ui-e-left elementor-align-left elementor-widget elementor-widget-uicore-icon-list\" data-id=\"c364d40\" data-element_type=\"widget\" data-widget_type=\"uicore-icon-list.default\">\n\t\t\t\t<div class=\"elementor-widget-container\">\n\t\t\t        <ul>\n                            <li >\n\n                    <div class=\"ui-e-wrap\">\n                    \n                    \n                    <div class=\"ui-e-content\">\n                        <span class=\"ui-e-title\">\n                            Veerstraat 2023, 2240 Zandhoven                        <\/span>\n                        <p class=\"ui-e-text\">  <\/p>\n                    <\/div>\n\n                                            <div class=\"ui-e-icon\">\n                            <i aria-hidden=\"true\" class=\"lu lu-map-pin\"><\/i>                        <\/div>\n                    \n                    <\/div>\n                <\/li>\n                            <li >\n\n                    <a class='ui-e-wrap' href=\"tel:03%20312%2007%2042\">\n                    \n                    \n                    <div class=\"ui-e-content\">\n                        <span class=\"ui-e-title\">\n                            03 312 07 42                        <\/span>\n                        <p class=\"ui-e-text\">  <\/p>\n                    <\/div>\n\n                                            <div class=\"ui-e-icon\">\n                            <i aria-hidden=\"true\" class=\"lu lu-phone\"><\/i>                        <\/div>\n                    \n                    <\/a>\n                <\/li>\n                            <li >\n\n                    <a class='ui-e-wrap' href=\"mailto:q-conversions@q-mobilitygroup.be\">\n                    \n                    \n                    <div class=\"ui-e-content\">\n                        <span class=\"ui-e-title\">\n                            q-conversions@q-mobilitygroup.be                        <\/span>\n                        <p class=\"ui-e-text\">  <\/p>\n                    <\/div>\n\n                                            <div class=\"ui-e-icon\">\n                            <i aria-hidden=\"true\" class=\"lu lu-mail\"><\/i>                        <\/div>\n                    \n                    <\/a>\n                <\/li>\n                    <\/ul>\n\t\t<\/div>\n\t\t\t\t<\/div>\n\t\t\t\t<div class=\"elementor-element elementor-element-19f29f5 elementor-widget elementor-widget-heading\" data-id=\"19f29f5\" data-element_type=\"widget\" data-widget_type=\"heading.default\">\n\t\t\t\t<div class=\"elementor-widget-container\">\n\t\t\t<p class=\"elementor-heading-title elementor-size-default\">Heures d'ouverture<\/p>\t\t<\/div>\n\t\t\t\t<\/div>\n\t\t\t\t<div class=\"elementor-element elementor-element-431bd33 elementor-widget elementor-widget-text-editor\" data-id=\"431bd33\" data-element_type=\"widget\" data-widget_type=\"text-editor.default\">\n\t\t\t\t<div class=\"elementor-widget-container\">\n\t\t\t\t\t\t\t<ul class=\"elementor-icon-list-items\"><li class=\"elementor-icon-list-item\"><span class=\"elementor-icon-list-text\">Du lundi au vendredi : 08h00 &#8211; 12h00<\/span><\/li><li class=\"elementor-icon-list-item\"><span class=\"elementor-icon-list-text\">Du lundi au vendredi: 13:00 &#8211; 17:00<\/span><\/li><\/ul>\t\t\t\t\t\t<\/div>\n\t\t\t\t<\/div>\n\t\t\t\t<div class=\"elementor-element elementor-element-4870482 elementor-widget elementor-widget-button\" data-id=\"4870482\" data-element_type=\"widget\" data-widget_type=\"button.default\">\n\t\t\t\t<div class=\"elementor-widget-container\">\n\t\t\t\t\t<div class=\"elementor-button-wrapper\">\n\t\t\t<a class=\"elementor-button elementor-button-link elementor-size-sm\" href=\"https:\/\/vantro-mobileworkspaces.demo-wide.be\/fr\/branches\/zandhoven\/\">\n\t\t\t\t\t\t<span class=\"elementor-button-content-wrapper\">\n\t\t\t\t\t\t<span class=\"elementor-button-icon\">\n\t\t\t\t<i aria-hidden=\"true\" class=\"ri ri-arrow-right-long-line\"><\/i>\t\t\t<\/span>\n\t\t\t\t\t\t\t\t\t<span class=\"elementor-button-text\">En savoir plus sur cet endroit<\/span>\n\t\t\t\t\t<\/span>\n\t\t\t\t\t<\/a>\n\t\t<\/div>\n\t\t\t\t<\/div>\n\t\t\t\t<\/div>\n\t\t\t\t<\/div>\n\t\t\t\t<\/div>\n\t\t\t\t<\/div>\n\t\t\t\t<\/div>\n\t\t","protected":false},"excerpt":{"rendered":"<p>Accueil Branches D\u00e9couvrez nos agences Belgique Zwevegem Coordonn\u00e9es de la personne \u00e0 contacter Ellestraat 83, 8550 Zwevegem 056 77 12 77 info@mmcars.be Heures d&rsquo;ouverture Du lundi au vendredi : 08h00 &#8211; 12h00 Du lundi au vendredi : 13h00 &#8211; 18h00 En savoir plus sur cet endroit Belgique Aarschot Coordonn\u00e9es de la personne \u00e0 contacter Ter [&hellip;]<\/p>\n","protected":false},"author":1,"featured_media":0,"parent":0,"menu_order":4,"comment_status":"closed","ping_status":"closed","template":"elementor_header_footer","meta":{"footnotes":""},"class_list":["post-2846","page","type-page","status-publish","hentry"],"_links":{"self":[{"href":"https:\/\/vantro-mobileworkspaces.demo-wide.be\/fr\/wp-json\/wp\/v2\/pages\/2846","targetHints":{"allow":["GET"]}}],"collection":[{"href":"https:\/\/vantro-mobileworkspaces.demo-wide.be\/fr\/wp-json\/wp\/v2\/pages"}],"about":[{"href":"https:\/\/vantro-mobileworkspaces.demo-wide.be\/fr\/wp-json\/wp\/v2\/types\/page"}],"author":[{"embeddable":true,"href":"https:\/\/vantro-mobileworkspaces.demo-wide.be\/fr\/wp-json\/wp\/v2\/users\/1"}],"replies":[{"embeddable":true,"href":"https:\/\/vantro-mobileworkspaces.demo-wide.be\/fr\/wp-json\/wp\/v2\/comments?post=2846"}],"version-history":[{"count":2,"href":"https:\/\/vantro-mobileworkspaces.demo-wide.be\/fr\/wp-json\/wp\/v2\/pages\/2846\/revisions"}],"predecessor-version":[{"id":6327,"href":"https:\/\/vantro-mobileworkspaces.demo-wide.be\/fr\/wp-json\/wp\/v2\/pages\/2846\/revisions\/6327"}],"wp:attachment":[{"href":"https:\/\/vantro-mobileworkspaces.demo-wide.be\/fr\/wp-json\/wp\/v2\/media?parent=2846"}],"curies":[{"name":"wp","href":"https:\/\/api.w.org\/{rel}","templated":true}]}}